{"id":289,"date":"2010-08-31T00:22:37","date_gmt":"2010-08-31T00:22:37","guid":{"rendered":"http:\/\/dev.futurelabs.de\/fearless\/?page_id=289"},"modified":"2010-09-01T10:48:08","modified_gmt":"2010-09-01T10:48:08","slug":"fearless-regeln","status":"publish","type":"page","link":"http:\/\/www.fearless-part2.de\/?page_id=289","title":{"rendered":"FEARLESS-Regeln"},"content":{"rendered":"<h2>Auf den Unterpunkte werden Vorschl\u00e4ge sowie Erg\u00e4nzungen und \u00c4nderungen zu den FEARLESS-Regeln zu finden sein.<\/h2>\n<h2>In &#8222;Allgemeine Regeln&#8220; seht ihr bereits Vorschl\u00e4ge vom letzten Treffen der FEARLESS-Workgroup.<\/h2>\n","protected":false},"excerpt":{"rendered":"<p>Auf den Unterpunkte werden Vorschl\u00e4ge sowie Erg\u00e4nzungen und \u00c4nderungen zu den FEARLESS-Regeln zu finden sein. In &#8222;Allgemeine Regeln&#8220; seht ihr bereits Vorschl\u00e4ge vom letzten Treffen der FEARLESS-Workgroup.<\/p>\n","protected":false},"author":1,"featured_media":0,"parent":0,"menu_order":8,"comment_status":"open","ping_status":"open","template":"","meta":{"_links_to":"","_links_to_target":""},"_links":{"self":[{"href":"http:\/\/www.fearless-part2.de\/index.php?rest_route=\/wp\/v2\/pages\/289"}],"collection":[{"href":"http:\/\/www.fearless-part2.de\/index.php?rest_route=\/wp\/v2\/pages"}],"about":[{"href":"http:\/\/www.fearless-part2.de\/index.php?rest_route=\/wp\/v2\/types\/page"}],"author":[{"embeddable":true,"href":"http:\/\/www.fearless-part2.de\/index.php?rest_route=\/wp\/v2\/users\/1"}],"replies":[{"embeddable":true,"href":"http:\/\/www.fearless-part2.de\/index.php?rest_route=%2Fwp%2Fv2%2Fcomments&post=289"}],"version-history":[{"count":4,"href":"http:\/\/www.fearless-part2.de\/index.php?rest_route=\/wp\/v2\/pages\/289\/revisions"}],"predecessor-version":[{"id":304,"href":"http:\/\/www.fearless-part2.de\/index.php?rest_route=\/wp\/v2\/pages\/289\/revisions\/304"}],"wp:attachment":[{"href":"http:\/\/www.fearless-part2.de\/index.php?rest_route=%2Fwp%2Fv2%2Fmedia&parent=289"}],"curies":[{"name":"wp","href":"https:\/\/api.w.org\/{rel}","templated":true}]}}