{"id":65,"date":"2010-08-30T22:53:10","date_gmt":"2010-08-30T22:53:10","guid":{"rendered":"http:\/\/dev.futurelabs.de\/fearless\/?page_id=65"},"modified":"2010-09-27T17:25:13","modified_gmt":"2010-09-27T17:25:13","slug":"cysionen","status":"publish","type":"page","link":"http:\/\/www.fearless-part2.de\/?page_id=65","title":{"rendered":"Cysionen"},"content":{"rendered":"<h2>Auszug aus:<\/h2>\n<h2>\u201eEine kurze Analyse der cysionischen Spezies\u201c<\/h2>\n<p>(von Prof. Dr. Alexander Tanaka, Leiter des Instituts f\u00fcr Xenobiologie an der Gregor-Mendel-Universit\u00e4t auf Sigma Prime)<\/p>\n<p>Bei den allgemein als Cysionen bezeichneten Spezies handelt es sich nach neusten Erkenntnissen um eine \u00e4u\u00dferst anpassungsf\u00e4hige Lebensform, die durch zahllose Mutationen und Unterarten ein komplexes biologisches System bildet.<\/p>\n<p>Es ist inzwischen als erwiesen zu betrachten, dass nicht nur die genetischen Daten das Wachstum und die Entwicklung eines Cysionen beeinflussen, sondern auch eine gro\u00dfe Zahl von speziellen Wirkstoffen, die partielle oder sogar vollst\u00e4ndige Ver\u00e4nderung \/ Umwandlung der Cysionen erm\u00f6glichen.<\/p>\n<p>Eine wichtige Frage bleibt der Ursprung der Cysionen. Aufgrund der extrem schnellen Entwicklung und rasanten Expansion von Cysionenbrutst\u00e4tten stellt sich die Frage nach einem nat\u00fcrlichen Umfeld, das dieser Belastung gewachsen w\u00e4re. Berechnungen haben ergeben, dass ein unkontrolliert wachsender Cysionenbau einen erd\u00e4hnlichen Planeten innerhalb von elf Monaten \u00fcberfluten und das \u00d6kosystem endg\u00fcltig zerst\u00f6ren w\u00fcrde.<\/p>\n<p>Daher ist ein nat\u00fcrlicher Evolutionsproze\u00df, der eine Art wie die Cysionen hervorbringen k\u00f6nnte, praktisch undenkbar.<\/p>\n<h3>Eingepflegte Charaktere<\/h3>\n<table border=\"0\" cellspacing=\"0\" cellpadding=\"0\" width=\"565\">\n<col width=\"338\"><\/col>\n<col width=\"71\"><\/col>\n<col span=\"3\" width=\"52\"><\/col>\n<tbody>\n<tr height=\"17\">\n<td width=\"360\" height=\"17\">Cysionen<\/td>\n<td width=\"71\">Nummer<\/td>\n<td width=\"52\">Bild<\/td>\n<td width=\"52\">Stats<\/td>\n<td width=\"52\">Ampel<\/td>\n<\/tr>\n<tr height=\"17\">\n<td height=\"17\">Cysionen-Krieger\u00a0 (mit 2 zus\u00e4tzlichen Schwertarmen)<\/td>\n<td>EX9351<\/td>\n<td>x<\/td>\n<td>x<\/td>\n<td>r<\/td>\n<\/tr>\n<tr height=\"17\">\n<td height=\"17\">A-Type Jagt Duo (2 Figuren)<\/td>\n<td>EX9352<\/td>\n<td><\/td>\n<td><\/td>\n<td><\/td>\n<\/tr>\n<tr height=\"17\">\n<td height=\"17\">D-Krieger   (S\u00e4urewerfer und 2 zus\u00e4tzlichen Schwertarmen)<\/td>\n<td>EX9353<\/td>\n<td>x<\/td>\n<td>x<\/td>\n<td>r<\/td>\n<\/tr>\n<tr height=\"17\">\n<td height=\"17\">C-Type   (Cysion-Cham\u00e4leon)<\/td>\n<td>EX9354<\/td>\n<td><\/td>\n<td><\/td>\n<td><\/td>\n<\/tr>\n<tr height=\"17\">\n<td height=\"17\">Cysion-Krieger\u00a0 (A-Type mit Scorpionschwanz )<\/td>\n<td>EX9355<\/td>\n<td>x<\/td>\n<td>x<\/td>\n<td>r<\/td>\n<\/tr>\n<tr height=\"17\">\n<td height=\"17\">H-Type (Jagd   Cysione raptor\u00e4hnlich)<\/td>\n<td>EX9356<\/td>\n<td><\/td>\n<td><\/td>\n<td><\/td>\n<\/tr>\n<tr height=\"17\">\n<td height=\"17\">Vrx-Type   (Plasmo-Cysione mit 2 Energieschwertern)<\/td>\n<td>EX9357<\/td>\n<td>x<\/td>\n<td>x<\/td>\n<td>r<\/td>\n<\/tr>\n<tr height=\"17\">\n<td height=\"17\">T-Type   Schwarm<\/td>\n<td>EX9358<\/td>\n<td><\/td>\n<td><\/td>\n<td><\/td>\n<\/tr>\n<tr height=\"17\">\n<td height=\"17\">R-Type<\/td>\n<td>EX9359<\/td>\n<td><\/td>\n<td><\/td>\n<td><\/td>\n<\/tr>\n<tr height=\"17\">\n<td height=\"17\">R-Type   Truppe\u00a0 (Box mit Plasy-Anf\u00fchrer) (7 +   1)<\/td>\n<td>EX9851<\/td>\n<td><\/td>\n<td><\/td>\n<td><\/td>\n<\/tr>\n<tr height=\"17\">\n<td height=\"17\">F-Type   Truppe\u00a0 (Box mit Plasy-Anf\u00fchrer) (8 +   1)<\/td>\n<td>EX9852<\/td>\n<td><\/td>\n<td><\/td>\n<td><\/td>\n<\/tr>\n<tr height=\"17\">\n<td height=\"17\">E-Type   Schwarm<\/td>\n<td>EX9853<\/td>\n<td><\/td>\n<td><\/td>\n<td><\/td>\n<\/tr>\n<\/tbody>\n<\/table>\n","protected":false},"excerpt":{"rendered":"<p>Auszug aus: \u201eEine kurze Analyse der cysionischen Spezies\u201c (von Prof. Dr. Alexander Tanaka, Leiter des Instituts f\u00fcr Xenobiologie an der Gregor-Mendel-Universit\u00e4t auf Sigma Prime) Bei den allgemein als Cysionen bezeichneten Spezies handelt es sich nach neusten Erkenntnissen um eine \u00e4u\u00dferst anpassungsf\u00e4hige Lebensform, die durch zahllose Mutationen und Unterarten ein komplexes biologisches System bildet. Es ist [&hellip;]<\/p>\n","protected":false},"author":1,"featured_media":0,"parent":0,"menu_order":2,"comment_status":"open","ping_status":"open","template":"","meta":{"_links_to":"","_links_to_target":""},"_links":{"self":[{"href":"http:\/\/www.fearless-part2.de\/index.php?rest_route=\/wp\/v2\/pages\/65"}],"collection":[{"href":"http:\/\/www.fearless-part2.de\/index.php?rest_route=\/wp\/v2\/pages"}],"about":[{"href":"http:\/\/www.fearless-part2.de\/index.php?rest_route=\/wp\/v2\/types\/page"}],"author":[{"embeddable":true,"href":"http:\/\/www.fearless-part2.de\/index.php?rest_route=\/wp\/v2\/users\/1"}],"replies":[{"embeddable":true,"href":"http:\/\/www.fearless-part2.de\/index.php?rest_route=%2Fwp%2Fv2%2Fcomments&post=65"}],"version-history":[{"count":6,"href":"http:\/\/www.fearless-part2.de\/index.php?rest_route=\/wp\/v2\/pages\/65\/revisions"}],"predecessor-version":[{"id":296,"href":"http:\/\/www.fearless-part2.de\/index.php?rest_route=\/wp\/v2\/pages\/65\/revisions\/296"}],"wp:attachment":[{"href":"http:\/\/www.fearless-part2.de\/index.php?rest_route=%2Fwp%2Fv2%2Fmedia&parent=65"}],"curies":[{"name":"wp","href":"https:\/\/api.w.org\/{rel}","templated":true}]}}