{"id":67,"date":"2010-08-30T22:53:49","date_gmt":"2010-08-30T22:53:49","guid":{"rendered":"http:\/\/dev.futurelabs.de\/fearless\/?page_id=67"},"modified":"2010-09-24T17:34:37","modified_gmt":"2010-09-24T17:34:37","slug":"a-krieger","status":"publish","type":"page","link":"http:\/\/www.fearless-part2.de\/?page_id=67","title":{"rendered":"A-Krieger"},"content":{"rendered":"<p>(A-Type mit Scorpionschwanz)<\/p>\n<p><strong>\n<table id=\"wp-table-reloaded-id-7-no-1\" class=\"wp-table-reloaded wp-table-reloaded-id-7\">\n<thead>\n\t<tr class=\"row-1\">\n\t\t<th class=\"column-1\"><a href=\"http:\/\/www.fearless-part2.de\/wp-content\/uploads\/2010\/09\/Ex9355f.bmp\"><img src=\"http:\/\/www.fearless-part2.de\/wp-content\/uploads\/2010\/09\/Ex9355f.bmp\" alt=\"A-Krieger mit Stachelschwanz\" title=\"9355_a-krieger\" class=\"aligncenter size-full wp-image-330\" \/><\/a><\/th><th class=\"column-2\">Stats<br \/>\r\n===================<br \/>\r\n<a href=\"http:\/\/www.fearless-part2.de\/wp-content\/uploads\/2010\/08\/9355_stats_a_krieger.gif\"><img src=\"http:\/\/www.fearless-part2.de\/wp-content\/uploads\/2010\/08\/9355_stats_a_krieger.gif\" alt=\"\" title=\"9355_stats_a_krieger\" width=\"449\" height=\"303\" class=\"aligncenter size-full wp-image-28\" \/><\/a><\/th><th class=\"column-3\"><a href=\"http:\/\/www.fearless-part2.de\/wp-content\/uploads\/2010\/09\/Ampelrot.gif\"><img src=\"http:\/\/www.fearless-part2.de\/wp-content\/uploads\/2010\/09\/Ampelrot.gif\" alt=\"\" title=\"Ampelrot\" width=\"32\" height=\"99\" class=\"aligncenter size-full wp-image-374\" \/><\/a><\/th>\n\t<\/tr>\n<\/thead>\n<tbody>\n<\/tbody>\n<\/table>\n<\/strong><\/p>\n<p style=\"text-align: left;\"><strong>\n<table id=\"wp-table-reloaded-id-8-no-1\" class=\"wp-table-reloaded wp-table-reloaded-id-8\">\n<thead>\n\t<tr class=\"row-1 odd\">\n\t\t<th class=\"column-1\"><p style=\"text-align: left;\"><span style=\"color: #000000;\"><br \/>\r\n<strong>Erata<\/strong><br \/>\r\n<br \/>\r\nHier gibt es eine kleine \u00c4nderung, da der S\u00e4urestachel leider nicht effektiv genutzt werden konnte.<br \/>\r\n<br \/>\r\n<strong>Die Wirkung des S\u00e4urestachels (RST \u20131) <br \/>\r\nwirkt bis zum Ende des Spiels und ist dabei kumulativ! <\/strong><br \/>\r\n<br \/>\r\nEs ist eine Nahkampfattacke die 1 Punkt Schaden verursacht und in der betreffenden Trefferzone den RST \u2018aufweicht\u2019. Der S\u00e4urestachel verursacht <strong>nicht<\/strong> den ber\u00fchmt ber\u00fcchtigten 2 Punkte S\u00e4ureschaden, am Ende einer Runde.<br \/>\r\n<br \/>\r\nEs kann entweder mit einem Schwertarm oder mit dem S\u00e4urestachel im Nahkampf attackiert werden (muss vorher angesagt werden).<br \/>\r\n<br \/>\r\nWie die <strong><em>Biologische Reanimierung <\/em><\/strong>genutzt und gespielt wird, ist im oberen Teil schon ausf\u00fchrlich beschrieben worden. Der A-Krieger ist nervig und nicht so leicht zu eliminieren. Er hat gute Attributswerte und kostet wenig KE. Ideal f\u00fcr Cysionen Spieler und diejenigen, die es werden wollen.<br \/>\r\n<br \/>\r\nWie bei allen Spezialf\u00e4higkeiten oder Ausr\u00fcstungsgegenst\u00e4nde gilt: \u201eDer Tod, ob durch einen ausreichenden Kopftreffer oder volle kritische Wunden tritt sofort ein.\u201c Der tote Charaktere kann sich nat\u00fcrlich keine Wunden mehr heilen.<\/p><\/th>\n\t<\/tr>\n<\/thead>\n<tbody>\n<\/tbody>\n<\/table>\n<\/strong><\/p>\n<p><strong>Erg\u00e4nzungen:<br \/>\n<\/strong><\/p>\n","protected":false},"excerpt":{"rendered":"<p>(A-Type mit Scorpionschwanz) Erg\u00e4nzungen:<\/p>\n","protected":false},"author":1,"featured_media":0,"parent":65,"menu_order":1,"comment_status":"open","ping_status":"open","template":"","meta":{"_links_to":"","_links_to_target":""},"_links":{"self":[{"href":"http:\/\/www.fearless-part2.de\/index.php?rest_route=\/wp\/v2\/pages\/67"}],"collection":[{"href":"http:\/\/www.fearless-part2.de\/index.php?rest_route=\/wp\/v2\/pages"}],"about":[{"href":"http:\/\/www.fearless-part2.de\/index.php?rest_route=\/wp\/v2\/types\/page"}],"author":[{"embeddable":true,"href":"http:\/\/www.fearless-part2.de\/index.php?rest_route=\/wp\/v2\/users\/1"}],"replies":[{"embeddable":true,"href":"http:\/\/www.fearless-part2.de\/index.php?rest_route=%2Fwp%2Fv2%2Fcomments&post=67"}],"version-history":[{"count":5,"href":"http:\/\/www.fearless-part2.de\/index.php?rest_route=\/wp\/v2\/pages\/67\/revisions"}],"predecessor-version":[{"id":297,"href":"http:\/\/www.fearless-part2.de\/index.php?rest_route=\/wp\/v2\/pages\/67\/revisions\/297"}],"up":[{"embeddable":true,"href":"http:\/\/www.fearless-part2.de\/index.php?rest_route=\/wp\/v2\/pages\/65"}],"wp:attachment":[{"href":"http:\/\/www.fearless-part2.de\/index.php?rest_route=%2Fwp%2Fv2%2Fmedia&parent=67"}],"curies":[{"name":"wp","href":"https:\/\/api.w.org\/{rel}","templated":true}]}}